{"id":13,"date":"2021-04-01T10:27:49","date_gmt":"2021-04-01T08:27:49","guid":{"rendered":"https:\/\/szczepniezlomnych.pl:8081\/?page_id=13"},"modified":"2021-05-11T12:35:09","modified_gmt":"2021-05-11T10:35:09","slug":"strona-glowna","status":"publish","type":"page","link":"https:\/\/szczepniezlomnych.pl\/","title":{"rendered":"Strona g\u0142\u00f3wna"},"content":{"rendered":"\n<p>Jeste\u015bmy Stowarzyszeniem Sympatyk\u00f3w Harcerstwa. Zrzeszamy 1RwDH &#8222;Czarna Jedynka&#8221; i 2RwDH &#8222;Zielona Dw\u00f3jka&#8221;<\/p>\n\n\n\n<figure class=\"wp-block-gallery columns-2 is-cropped wp-block-gallery-1 is-layout-flex wp-block-gallery-is-layout-flex\"><ul class=\"blocks-gallery-grid\"><li class=\"blocks-gallery-item\"><figure><img decoding=\"async\" width=\"146\" height=\"133\" src=\"https:\/\/szczepniezlomnych.pl\/wp-content\/uploads\/2021\/04\/logo-czarna-jedynka.png\" alt=\"\" data-id=\"45\" data-full-url=\"https:\/\/szczepniezlomnych.pl\/wp-content\/uploads\/2021\/04\/logo-czarna-jedynka.png\" data-link=\"https:\/\/szczepniezlomnych.pl:8081\/?attachment_id=45\" class=\"wp-image-45\"\/><\/figure><\/li><li class=\"blocks-gallery-item\"><figure><img decoding=\"async\" width=\"146\" height=\"133\" src=\"https:\/\/szczepniezlomnych.pl\/wp-content\/uploads\/2021\/04\/logo-zielona-dwojka.png\" alt=\"\" data-id=\"46\" data-full-url=\"https:\/\/szczepniezlomnych.pl\/wp-content\/uploads\/2021\/04\/logo-zielona-dwojka.png\" data-link=\"https:\/\/szczepniezlomnych.pl\/?attachment_id=46\" class=\"wp-image-46\"\/><\/figure><\/li><\/ul><\/figure>\n","protected":false},"excerpt":{"rendered":"<p>Jeste\u015bmy Stowarzyszeniem Sympatyk\u00f3w Harcerstwa. Zrzeszamy 1RwDH &#8222;Czarna Jedynka&#8221; i 2RwDH &#8222;Zielona Dw\u00f3jka&#8221;<\/p>\n","protected":false},"author":1,"featured_media":0,"parent":0,"menu_order":0,"comment_status":"closed","ping_status":"closed","template":"","meta":{"footnotes":""},"class_list":["post-13","page","type-page","status-publish","hentry"],"_links":{"self":[{"href":"https:\/\/szczepniezlomnych.pl\/index.php?rest_route=\/wp\/v2\/pages\/13","targetHints":{"allow":["GET"]}}],"collection":[{"href":"https:\/\/szczepniezlomnych.pl\/index.php?rest_route=\/wp\/v2\/pages"}],"about":[{"href":"https:\/\/szczepniezlomnych.pl\/index.php?rest_route=\/wp\/v2\/types\/page"}],"author":[{"embeddable":true,"href":"https:\/\/szczepniezlomnych.pl\/index.php?rest_route=\/wp\/v2\/users\/1"}],"replies":[{"embeddable":true,"href":"https:\/\/szczepniezlomnych.pl\/index.php?rest_route=%2Fwp%2Fv2%2Fcomments&post=13"}],"version-history":[{"count":3,"href":"https:\/\/szczepniezlomnych.pl\/index.php?rest_route=\/wp\/v2\/pages\/13\/revisions"}],"predecessor-version":[{"id":253,"href":"https:\/\/szczepniezlomnych.pl\/index.php?rest_route=\/wp\/v2\/pages\/13\/revisions\/253"}],"wp:attachment":[{"href":"https:\/\/szczepniezlomnych.pl\/index.php?rest_route=%2Fwp%2Fv2%2Fmedia&parent=13"}],"curies":[{"name":"wp","href":"https:\/\/api.w.org\/{rel}","templated":true}]}}