{"id":200,"date":"2021-04-17T23:50:24","date_gmt":"2021-04-17T21:50:24","guid":{"rendered":"https:\/\/szczepniezlomnych.pl:8081\/?page_id=200"},"modified":"2026-02-04T15:39:33","modified_gmt":"2026-02-04T14:39:33","slug":"nabor","status":"publish","type":"page","link":"https:\/\/szczepniezlomnych.pl\/?page_id=200","title":{"rendered":"NAB\u00d3R"},"content":{"rendered":"\t\t<div data-elementor-type=\"wp-page\" data-elementor-id=\"200\" class=\"elementor elementor-200\">\n\t\t\t\t\t\t<section class=\"elementor-section elementor-top-section elementor-element elementor-element-4d29ada4 elementor-section-boxed elementor-section-height-default elementor-section-height-default\" data-id=\"4d29ada4\" data-element_type=\"section\" data-e-type=\"section\">\n\t\t\t\t\t\t<div class=\"elementor-container elementor-column-gap-default\">\n\t\t\t\t\t<div class=\"elementor-column elementor-col-100 elementor-top-column elementor-element elementor-element-5780d7ea\" data-id=\"5780d7ea\" data-element_type=\"column\" data-e-type=\"column\">\n\t\t\t<div class=\"elementor-widget-wrap elementor-element-populated\">\n\t\t\t\t\t\t<div class=\"elementor-element elementor-element-38daa22d elementor-widget elementor-widget-text-editor\" data-id=\"38daa22d\" data-element_type=\"widget\" data-e-type=\"widget\" data-widget_type=\"text-editor.default\">\n\t\t\t\t<div class=\"elementor-widget-container\">\n\t\t\t\t\t\t\t\t\t<figure class=\"wp-block-image size-large\"><\/figure>\n<p><!-- \/wp:image --><!-- wp:image {\"id\":226,\"width\":315,\"height\":76,\"sizeSlug\":\"large\",\"linkDestination\":\"custom\"} --><\/p>\n<figure class=\"wp-block-image size-large is-resized\">\u00a0 \u00a0 \u00a0 \u00a0 \u00a0 \u00a0 \u00a0 \u00a0 \u00a0 \u00a0 \u00a0<a href=\"https:\/\/forms.gle\/NBworAM9nGaM1prM8\" target=\"_blank\" rel=\"noopener\"><img decoding=\"async\" class=\"wp-image-226\" style=\"width: 315px; height: 76px;\" src=\"https:\/\/szczepniezlomnych.pl\/wp-content\/uploads\/2021\/04\/Zdn.png\" alt=\"\" width=\"315\" height=\"76\" srcset=\"https:\/\/szczepniezlomnych.pl\/wp-content\/uploads\/2021\/04\/Zdn.png 674w, https:\/\/szczepniezlomnych.pl\/wp-content\/uploads\/2021\/04\/Zdn-300x72.png 300w\" sizes=\"(max-width: 315px) 100vw, 315px\" \/><\/a><\/figure>\n<p><!-- \/wp:image --><!-- wp:paragraph --><\/p>\n<p>Po kliknieciu na czerwony przycisk &#8211; zostaniesz przekierowany do formularza zg\u0142oszeniowego<\/p>\n<p><!-- \/wp:paragraph --><\/p>\t\t\t\t\t\t\t\t<\/div>\n\t\t\t\t<\/div>\n\t\t\t\t\t<\/div>\n\t\t<\/div>\n\t\t\t\t\t<\/div>\n\t\t<\/section>\n\t\t\t\t<section class=\"elementor-section elementor-top-section elementor-element elementor-element-8d57254 elementor-section-stretched elementor-section-boxed elementor-section-height-default elementor-section-height-default\" data-id=\"8d57254\" data-element_type=\"section\" data-e-type=\"section\" data-settings=\"{&quot;stretch_section&quot;:&quot;section-stretched&quot;}\">\n\t\t\t\t\t\t<div class=\"elementor-container elementor-column-gap-default\">\n\t\t\t\t\t<div class=\"elementor-column elementor-col-100 elementor-top-column elementor-element elementor-element-cff88ec\" data-id=\"cff88ec\" data-element_type=\"column\" data-e-type=\"column\">\n\t\t\t<div class=\"elementor-widget-wrap elementor-element-populated\">\n\t\t\t\t\t\t<div class=\"elementor-element elementor-element-52417dd elementor-widget elementor-widget-text-editor\" data-id=\"52417dd\" data-element_type=\"widget\" data-e-type=\"widget\" data-widget_type=\"text-editor.default\">\n\t\t\t\t<div class=\"elementor-widget-container\">\n\t\t\t\t\t\t\t\t\t<p>Serdecznie zapraszamy dzieci od 9 roku \u017cycia oraz m\u0142odzie\u017c z Rzeszowa i gminy Hy\u017cne<\/p>\n<p><!-- \/wp:paragraph --><!-- wp:paragraph --><\/p>\n<p>Informacje na temat zbi\u00f3rek\u00a0 otrzymaj\u0105 Pa\u0144stwo po wype\u0142nieniu powy\u017cszego formularza zg\u0142oszeniowego.<\/p>\n<p><!-- \/wp:paragraph --><!-- wp:paragraph --><\/p>\n<p><!-- \/wp:paragraph --><!-- wp:paragraph --><\/p>\n<p>Kontakt w sprawie naboru:<\/p>\n<p><!-- \/wp:paragraph --><!-- wp:paragraph --><\/p>\n<p>telefon: 782 770 101 \/dh Piotr\/<\/p>\n<p>e-mail: <em>biuro@szczepniez\u0142omnych.pl<\/em><\/p>\n<p><!-- \/wp:paragraph --><\/p>\n<p><strong><span style=\"color: #ff0000;\">UWAGA :<\/span><\/strong><br \/>Zbi\u00f3rki naborowe odb\u0119d\u0105 si\u0119 przy parafii pw. \u015bw. Judy Tadeusza, ul. Wita Stwosza 31, w Rzeszowie lub przy Szkole Podstawowej w Brzez\u00f3wce.\u00a0<br \/>Dok\u0142adny termin\u00a0 spotkania przes\u0142ane zostan\u0105 osobom zarejestrowanym przez formularz zg\u0142oszeniowy \u2013 czerwony przycisk \u201eZapisz dziecko na zbi\u00f3rk\u0119\u201d.<\/p>\n<p>Serdecznie zapraszamy<\/p>\t\t\t\t\t\t\t\t<\/div>\n\t\t\t\t<\/div>\n\t\t\t\t\t<\/div>\n\t\t<\/div>\n\t\t\t\t\t<\/div>\n\t\t<\/section>\n\t\t\t\t<section class=\"elementor-section elementor-top-section elementor-element elementor-element-975ed8f elementor-section-full_width elementor-section-stretched elementor-section-height-default elementor-section-height-default\" data-id=\"975ed8f\" data-element_type=\"section\" data-e-type=\"section\" data-settings=\"{&quot;stretch_section&quot;:&quot;section-stretched&quot;}\">\n\t\t\t\t\t\t<div class=\"elementor-container elementor-column-gap-default\">\n\t\t\t\t\t<div class=\"elementor-column elementor-col-100 elementor-top-column elementor-element elementor-element-c581662\" data-id=\"c581662\" data-element_type=\"column\" data-e-type=\"column\">\n\t\t\t<div class=\"elementor-widget-wrap elementor-element-populated\">\n\t\t\t\t\t\t<div class=\"elementor-element elementor-element-2a4a7da elementor-widget elementor-widget-google_maps\" data-id=\"2a4a7da\" data-element_type=\"widget\" data-e-type=\"widget\" data-widget_type=\"google_maps.default\">\n\t\t\t\t<div class=\"elementor-widget-container\">\n\t\t\t\t\t\t\t<div class=\"elementor-custom-embed\">\n\t\t\t<iframe loading=\"lazy\"\n\t\t\t\t\tsrc=\"https:\/\/maps.google.com\/maps?q=Ko%C5%9Bci%C3%B3%C5%82%20Wita%20Stwosza%2031%2C%2035-113%20Rzesz%C3%B3w.%20Wita%20Stwosza%2031%2C%2035-113%20Rzesz%C3%B3w&#038;t=m&#038;z=17&#038;output=embed&#038;iwloc=near\"\n\t\t\t\t\ttitle=\"Ko\u015bci\u00f3\u0142 Wita Stwosza 31, 35-113 Rzesz\u00f3w. Wita Stwosza 31, 35-113 Rzesz\u00f3w\"\n\t\t\t\t\taria-label=\"Ko\u015bci\u00f3\u0142 Wita Stwosza 31, 35-113 Rzesz\u00f3w. Wita Stwosza 31, 35-113 Rzesz\u00f3w\"\n\t\t\t><\/iframe>\n\t\t<\/div>\n\t\t\t\t\t\t<\/div>\n\t\t\t\t<\/div>\n\t\t\t\t\t<\/div>\n\t\t<\/div>\n\t\t\t\t\t<\/div>\n\t\t<\/section>\n\t\t\t\t<section class=\"elementor-section elementor-top-section elementor-element elementor-element-f7fc807 elementor-section-stretched elementor-section-boxed elementor-section-height-default elementor-section-height-default\" data-id=\"f7fc807\" data-element_type=\"section\" data-e-type=\"section\" data-settings=\"{&quot;stretch_section&quot;:&quot;section-stretched&quot;}\">\n\t\t\t\t\t\t<div class=\"elementor-container elementor-column-gap-default\">\n\t\t\t\t\t<div class=\"elementor-column elementor-col-100 elementor-top-column elementor-element elementor-element-c60a1f8\" data-id=\"c60a1f8\" data-element_type=\"column\" data-e-type=\"column\">\n\t\t\t<div class=\"elementor-widget-wrap elementor-element-populated\">\n\t\t\t\t\t\t\t<\/div>\n\t\t<\/div>\n\t\t\t\t\t<\/div>\n\t\t<\/section>\n\t\t\t\t<\/div>\n\t\t","protected":false},"excerpt":{"rendered":"<p>\u00a0 \u00a0 \u00a0 \u00a0 \u00a0 \u00a0 \u00a0 \u00a0 \u00a0 \u00a0 \u00a0 Po kliknieciu na czerwony przycisk &#8211; zostaniesz przekierowany do formularza zg\u0142oszeniowego Serdecznie zapraszamy dzieci od 9 roku \u017cycia oraz m\u0142odzie\u017c z Rzeszowa i gminy Hy\u017cne Informacje na temat zbi\u00f3rek\u00a0 otrzymaj\u0105 Pa\u0144stwo po wype\u0142nieniu powy\u017cszego formularza zg\u0142oszeniowego. Kontakt w sprawie naboru: telefon: 782 770 101 &hellip; <\/p>\n<p class=\"link-more\"><a href=\"https:\/\/szczepniezlomnych.pl\/?page_id=200\" class=\"more-link\">Czytaj dalej<span class=\"screen-reader-text\"> \u201eNAB\u00d3R\u201d<\/span><\/a><\/p>\n","protected":false},"author":3,"featured_media":1162,"parent":0,"menu_order":0,"comment_status":"closed","ping_status":"closed","template":"","meta":{"footnotes":""},"class_list":["post-200","page","type-page","status-publish","has-post-thumbnail","hentry"],"_links":{"self":[{"href":"https:\/\/szczepniezlomnych.pl\/index.php?rest_route=\/wp\/v2\/pages\/200","targetHints":{"allow":["GET"]}}],"collection":[{"href":"https:\/\/szczepniezlomnych.pl\/index.php?rest_route=\/wp\/v2\/pages"}],"about":[{"href":"https:\/\/szczepniezlomnych.pl\/index.php?rest_route=\/wp\/v2\/types\/page"}],"author":[{"embeddable":true,"href":"https:\/\/szczepniezlomnych.pl\/index.php?rest_route=\/wp\/v2\/users\/3"}],"replies":[{"embeddable":true,"href":"https:\/\/szczepniezlomnych.pl\/index.php?rest_route=%2Fwp%2Fv2%2Fcomments&post=200"}],"version-history":[{"count":78,"href":"https:\/\/szczepniezlomnych.pl\/index.php?rest_route=\/wp\/v2\/pages\/200\/revisions"}],"predecessor-version":[{"id":1159,"href":"https:\/\/szczepniezlomnych.pl\/index.php?rest_route=\/wp\/v2\/pages\/200\/revisions\/1159"}],"wp:featuredmedia":[{"embeddable":true,"href":"https:\/\/szczepniezlomnych.pl\/index.php?rest_route=\/wp\/v2\/media\/1162"}],"wp:attachment":[{"href":"https:\/\/szczepniezlomnych.pl\/index.php?rest_route=%2Fwp%2Fv2%2Fmedia&parent=200"}],"curies":[{"name":"wp","href":"https:\/\/api.w.org\/{rel}","templated":true}]}}