{"id":488,"date":"2022-03-18T07:33:37","date_gmt":"2022-03-18T06:33:37","guid":{"rendered":"https:\/\/szczepniezlomnych.pl\/?page_id=488"},"modified":"2025-12-20T12:56:34","modified_gmt":"2025-12-20T11:56:34","slug":"niezlomni-2021","status":"publish","type":"page","link":"https:\/\/szczepniezlomnych.pl\/?page_id=488","title":{"rendered":"Zaj\u0119cia SPORTOWE"},"content":{"rendered":"\t\t<div data-elementor-type=\"wp-page\" data-elementor-id=\"488\" class=\"elementor elementor-488\">\n\t\t\t\t\t\t<section class=\"elementor-section elementor-top-section elementor-element elementor-element-180612bf elementor-section-boxed elementor-section-height-default elementor-section-height-default\" data-id=\"180612bf\" data-element_type=\"section\" data-e-type=\"section\">\n\t\t\t\t\t\t<div class=\"elementor-container elementor-column-gap-default\">\n\t\t\t\t\t<div class=\"elementor-column elementor-col-100 elementor-top-column elementor-element elementor-element-1abbcf7f\" data-id=\"1abbcf7f\" data-element_type=\"column\" data-e-type=\"column\">\n\t\t\t<div class=\"elementor-widget-wrap\">\n\t\t\t\t\t\t\t<\/div>\n\t\t<\/div>\n\t\t\t\t\t<\/div>\n\t\t<\/section>\n\t\t\t\t<section class=\"elementor-section elementor-top-section elementor-element elementor-element-3735cda elementor-section-boxed elementor-section-height-default elementor-section-height-default\" data-id=\"3735cda\" data-element_type=\"section\" data-e-type=\"section\">\n\t\t\t\t\t\t<div class=\"elementor-container elementor-column-gap-default\">\n\t\t\t\t\t<div class=\"elementor-column elementor-col-100 elementor-top-column elementor-element elementor-element-663f671\" data-id=\"663f671\" data-element_type=\"column\" data-e-type=\"column\">\n\t\t\t<div class=\"elementor-widget-wrap\">\n\t\t\t\t\t\t\t<\/div>\n\t\t<\/div>\n\t\t\t\t\t<\/div>\n\t\t<\/section>\n\t\t\t\t<section class=\"elementor-section elementor-top-section elementor-element elementor-element-05c7f1f elementor-section-stretched elementor-section-boxed elementor-section-height-default elementor-section-height-default\" data-id=\"05c7f1f\" data-element_type=\"section\" data-e-type=\"section\" data-settings=\"{&quot;stretch_section&quot;:&quot;section-stretched&quot;}\">\n\t\t\t\t\t\t<div class=\"elementor-container elementor-column-gap-default\">\n\t\t\t\t\t<div class=\"elementor-column elementor-col-100 elementor-top-column elementor-element elementor-element-1a23bff\" data-id=\"1a23bff\" data-element_type=\"column\" data-e-type=\"column\">\n\t\t\t<div class=\"elementor-widget-wrap elementor-element-populated\">\n\t\t\t\t\t\t<div class=\"elementor-element elementor-element-42820a4 elementor-widget elementor-widget-text-editor\" data-id=\"42820a4\" data-element_type=\"widget\" data-e-type=\"widget\" data-widget_type=\"text-editor.default\">\n\t\t\t\t<div class=\"elementor-widget-container\">\n\t\t\t\t\t\t\t\t\t<p><br><\/p>\n<p>Zapraszamy na bezp\u0142atne zaj\u0119cia na \u015bciance wspinaczkowej w Rzeszowie.<\/p>\n<p>Termin:&nbsp; 21 grudnia 2025 r. Niedziela.<\/p>\n<p>10:30 &#8211; Zbi\u00f3rka przed szko\u0142\u0105 SP 15 \/Budziw\u00f3j\/ .<\/p>\n<p>14:00 &#8211; Planowany powr\u00f3t.&nbsp;<\/p>\n<p>Zapisy przez formularz zg\u0142oszeniowy na stronie lub telefonicznie.<\/p>\n<p>Kontakt 782 770 101<\/p>\n<p><strong><span style=\"color: #ff0000;\">Uwaga:<\/span><\/strong><\/p>\n<div>Prosz\u0119 zaopatrzy\u0107 si\u0119:<\/div>\n<div>\n<ul>\n<li>&nbsp;w wod\u0119 do picia,<\/li>\n<li>str\u00f3j sportowy, w tym buty do zmiany,<\/li>\n<\/ul>\n<\/div>\t\t\t\t\t\t\t\t<\/div>\n\t\t\t\t<\/div>\n\t\t\t\t<div class=\"elementor-element elementor-element-ce269f2 elementor-widget elementor-widget-heading\" data-id=\"ce269f2\" data-element_type=\"widget\" data-e-type=\"widget\" data-widget_type=\"heading.default\">\n\t\t\t\t<div class=\"elementor-widget-container\">\n\t\t\t\t\t<h2 class=\"elementor-heading-title elementor-size-default\">Serdecznie zapraszamy.<\/h2>\t\t\t\t<\/div>\n\t\t\t\t<\/div>\n\t\t\t\t<div class=\"elementor-element elementor-element-00179c0 elementor-widget elementor-widget-text-editor\" data-id=\"00179c0\" data-element_type=\"widget\" data-e-type=\"widget\" data-widget_type=\"text-editor.default\">\n\t\t\t\t<div class=\"elementor-widget-container\">\n\t\t\t\t\t\t\t\t\t<h1><span style=\"color: #ff0000;\"><strong>Uwaga:<\/strong><\/span><\/h1><h1><span style=\"color: #ff0000;\"><strong>Zapisy na zajecia w dniu\u00a0 21-12-2025r. ju\u017c zamkni\u0119te &#8211; limit miejsc zosta\u0142 wyczerpany.<\/strong><\/span><\/h1>\t\t\t\t\t\t\t\t<\/div>\n\t\t\t\t<\/div>\n\t\t\t\t\t<\/div>\n\t\t<\/div>\n\t\t\t\t\t<\/div>\n\t\t<\/section>\n\t\t\t\t<section class=\"elementor-section elementor-top-section elementor-element elementor-element-a9af35f elementor-section-stretched elementor-section-boxed elementor-section-height-default elementor-section-height-default\" data-id=\"a9af35f\" data-element_type=\"section\" data-e-type=\"section\" data-settings=\"{&quot;stretch_section&quot;:&quot;section-stretched&quot;}\">\n\t\t\t\t\t\t<div class=\"elementor-container elementor-column-gap-default\">\n\t\t\t\t\t<div class=\"elementor-column elementor-col-100 elementor-top-column elementor-element elementor-element-e1d073f\" data-id=\"e1d073f\" data-element_type=\"column\" data-e-type=\"column\">\n\t\t\t<div class=\"elementor-widget-wrap\">\n\t\t\t\t\t\t\t<\/div>\n\t\t<\/div>\n\t\t\t\t\t<\/div>\n\t\t<\/section>\n\t\t\t\t<section class=\"elementor-section elementor-top-section elementor-element elementor-element-08a856c elementor-section-stretched elementor-section-boxed elementor-section-height-default elementor-section-height-default\" data-id=\"08a856c\" data-element_type=\"section\" data-e-type=\"section\" data-settings=\"{&quot;stretch_section&quot;:&quot;section-stretched&quot;}\">\n\t\t\t\t\t\t<div class=\"elementor-container elementor-column-gap-default\">\n\t\t\t\t\t<div class=\"elementor-column elementor-col-100 elementor-top-column elementor-element elementor-element-569eaee\" data-id=\"569eaee\" data-element_type=\"column\" data-e-type=\"column\">\n\t\t\t<div class=\"elementor-widget-wrap elementor-element-populated\">\n\t\t\t\t\t\t<div class=\"elementor-element elementor-element-d5b6694 elementor-widget elementor-widget-image\" data-id=\"d5b6694\" data-element_type=\"widget\" data-e-type=\"widget\" data-widget_type=\"image.default\">\n\t\t\t\t<div class=\"elementor-widget-container\">\n\t\t\t\t\t\t\t\t\t\t\t\t\t\t\t<img fetchpriority=\"high\" decoding=\"async\" width=\"525\" height=\"154\" src=\"https:\/\/szczepniezlomnych.pl\/wp-content\/uploads\/2025\/12\/link-do-formularza-768x226.png\" class=\"attachment-medium_large size-medium_large wp-image-1043\" alt=\"\" srcset=\"https:\/\/szczepniezlomnych.pl\/wp-content\/uploads\/2025\/12\/link-do-formularza-768x226.png 768w, https:\/\/szczepniezlomnych.pl\/wp-content\/uploads\/2025\/12\/link-do-formularza-300x88.png 300w, https:\/\/szczepniezlomnych.pl\/wp-content\/uploads\/2025\/12\/link-do-formularza-1024x301.png 1024w, https:\/\/szczepniezlomnych.pl\/wp-content\/uploads\/2025\/12\/link-do-formularza.png 1181w\" sizes=\"100vw\" \/>\t\t\t\t\t\t\t\t\t\t\t\t\t\t\t<\/div>\n\t\t\t\t<\/div>\n\t\t\t\t\t<\/div>\n\t\t<\/div>\n\t\t\t\t\t<\/div>\n\t\t<\/section>\n\t\t\t\t<section class=\"elementor-section elementor-top-section elementor-element elementor-element-2d1ba74 elementor-section-stretched elementor-section-boxed elementor-section-height-default elementor-section-height-default\" data-id=\"2d1ba74\" data-element_type=\"section\" data-e-type=\"section\" data-settings=\"{&quot;stretch_section&quot;:&quot;section-stretched&quot;}\">\n\t\t\t\t\t\t<div class=\"elementor-container elementor-column-gap-default\">\n\t\t\t\t\t<div class=\"elementor-column elementor-col-100 elementor-top-column elementor-element elementor-element-38002c8\" data-id=\"38002c8\" data-element_type=\"column\" data-e-type=\"column\">\n\t\t\t<div class=\"elementor-widget-wrap elementor-element-populated\">\n\t\t\t\t\t\t<div class=\"elementor-element elementor-element-8714049 elementor-widget elementor-widget-image\" data-id=\"8714049\" data-element_type=\"widget\" data-e-type=\"widget\" data-widget_type=\"image.default\">\n\t\t\t\t<div class=\"elementor-widget-container\">\n\t\t\t\t\t\t\t\t\t\t\t\t\t\t\t\t<a href=\"https:\/\/szczepniezlomnych.pl\/wp-content\/uploads\/2025\/12\/zgoda-rodzicow-Zjaecia-sportowe-PDF.pdf\" target=\"_blank\">\n\t\t\t\t\t\t\t<img decoding=\"async\" width=\"525\" height=\"158\" src=\"https:\/\/szczepniezlomnych.pl\/wp-content\/uploads\/2025\/12\/link-zgoda-rodzicow-768x231.png\" class=\"attachment-medium_large size-medium_large wp-image-1048\" alt=\"\" srcset=\"https:\/\/szczepniezlomnych.pl\/wp-content\/uploads\/2025\/12\/link-zgoda-rodzicow-768x231.png 768w, https:\/\/szczepniezlomnych.pl\/wp-content\/uploads\/2025\/12\/link-zgoda-rodzicow-300x90.png 300w, https:\/\/szczepniezlomnych.pl\/wp-content\/uploads\/2025\/12\/link-zgoda-rodzicow-1024x308.png 1024w, https:\/\/szczepniezlomnych.pl\/wp-content\/uploads\/2025\/12\/link-zgoda-rodzicow.png 1181w\" sizes=\"100vw\" \/>\t\t\t\t\t\t\t\t<\/a>\n\t\t\t\t\t\t\t\t\t\t\t\t\t\t\t<\/div>\n\t\t\t\t<\/div>\n\t\t\t\t\t<\/div>\n\t\t<\/div>\n\t\t\t\t\t<\/div>\n\t\t<\/section>\n\t\t\t\t<section class=\"elementor-section elementor-top-section elementor-element elementor-element-9efded2 elementor-section-stretched elementor-section-boxed elementor-section-height-default elementor-section-height-default\" data-id=\"9efded2\" data-element_type=\"section\" data-e-type=\"section\" data-settings=\"{&quot;stretch_section&quot;:&quot;section-stretched&quot;}\">\n\t\t\t\t\t\t<div class=\"elementor-container elementor-column-gap-default\">\n\t\t\t\t\t<div class=\"elementor-column elementor-col-100 elementor-top-column elementor-element elementor-element-c3ea9fd\" data-id=\"c3ea9fd\" data-element_type=\"column\" data-e-type=\"column\">\n\t\t\t<div class=\"elementor-widget-wrap\">\n\t\t\t\t\t\t\t<\/div>\n\t\t<\/div>\n\t\t\t\t\t<\/div>\n\t\t<\/section>\n\t\t\t\t<\/div>\n\t\t","protected":false},"excerpt":{"rendered":"<p>Zapraszamy na bezp\u0142atne zaj\u0119cia na \u015bciance wspinaczkowej w Rzeszowie. Termin:&nbsp; 21 grudnia 2025 r. Niedziela. 10:30 &#8211; Zbi\u00f3rka przed szko\u0142\u0105 SP 15 \/Budziw\u00f3j\/ . 14:00 &#8211; Planowany powr\u00f3t.&nbsp; Zapisy przez formularz zg\u0142oszeniowy na stronie lub telefonicznie. Kontakt 782 770 101 Uwaga: Prosz\u0119 zaopatrzy\u0107 si\u0119: &nbsp;w wod\u0119 do picia, str\u00f3j sportowy, w tym buty do zmiany, &hellip; <\/p>\n<p class=\"link-more\"><a href=\"https:\/\/szczepniezlomnych.pl\/?page_id=488\" class=\"more-link\">Czytaj dalej<span class=\"screen-reader-text\"> \u201eZaj\u0119cia SPORTOWE\u201d<\/span><\/a><\/p>\n","protected":false},"author":2,"featured_media":1090,"parent":0,"menu_order":0,"comment_status":"closed","ping_status":"closed","template":"","meta":{"footnotes":""},"class_list":["post-488","page","type-page","status-publish","has-post-thumbnail","hentry"],"_links":{"self":[{"href":"https:\/\/szczepniezlomnych.pl\/index.php?rest_route=\/wp\/v2\/pages\/488","targetHints":{"allow":["GET"]}}],"collection":[{"href":"https:\/\/szczepniezlomnych.pl\/index.php?rest_route=\/wp\/v2\/pages"}],"about":[{"href":"https:\/\/szczepniezlomnych.pl\/index.php?rest_route=\/wp\/v2\/types\/page"}],"author":[{"embeddable":true,"href":"https:\/\/szczepniezlomnych.pl\/index.php?rest_route=\/wp\/v2\/users\/2"}],"replies":[{"embeddable":true,"href":"https:\/\/szczepniezlomnych.pl\/index.php?rest_route=%2Fwp%2Fv2%2Fcomments&post=488"}],"version-history":[{"count":69,"href":"https:\/\/szczepniezlomnych.pl\/index.php?rest_route=\/wp\/v2\/pages\/488\/revisions"}],"predecessor-version":[{"id":1110,"href":"https:\/\/szczepniezlomnych.pl\/index.php?rest_route=\/wp\/v2\/pages\/488\/revisions\/1110"}],"wp:featuredmedia":[{"embeddable":true,"href":"https:\/\/szczepniezlomnych.pl\/index.php?rest_route=\/wp\/v2\/media\/1090"}],"wp:attachment":[{"href":"https:\/\/szczepniezlomnych.pl\/index.php?rest_route=%2Fwp%2Fv2%2Fmedia&parent=488"}],"curies":[{"name":"wp","href":"https:\/\/api.w.org\/{rel}","templated":true}]}}