{"id":652,"date":"2025-08-16T14:12:53","date_gmt":"2025-08-16T12:12:53","guid":{"rendered":"https:\/\/szczepniezlomnych.pl\/?page_id=652"},"modified":"2025-08-16T14:23:31","modified_gmt":"2025-08-16T12:23:31","slug":"elementor-strona-652","status":"publish","type":"page","link":"https:\/\/szczepniezlomnych.pl\/?page_id=652","title":{"rendered":"Regulamin Biegu Niez\u0142omnych 2025"},"content":{"rendered":"\t\t<div data-elementor-type=\"wp-page\" data-elementor-id=\"652\" class=\"elementor elementor-652\">\n\t\t\t\t\t\t<section class=\"elementor-section elementor-top-section elementor-element elementor-element-fbf4b8a elementor-section-boxed elementor-section-height-default elementor-section-height-default\" data-id=\"fbf4b8a\" data-element_type=\"section\" data-e-type=\"section\">\n\t\t\t\t\t\t<div class=\"elementor-container elementor-column-gap-default\">\n\t\t\t\t\t<div class=\"elementor-column elementor-col-100 elementor-top-column elementor-element elementor-element-c367e9f\" data-id=\"c367e9f\" data-element_type=\"column\" data-e-type=\"column\">\n\t\t\t<div class=\"elementor-widget-wrap elementor-element-populated\">\n\t\t\t\t\t\t\t<\/div>\n\t\t<\/div>\n\t\t\t\t\t<\/div>\n\t\t<\/section>\n\t\t\t\t<section class=\"elementor-section elementor-top-section elementor-element elementor-element-139127d elementor-section-stretched elementor-section-boxed elementor-section-height-default elementor-section-height-default\" data-id=\"139127d\" data-element_type=\"section\" data-e-type=\"section\" data-settings=\"{&quot;stretch_section&quot;:&quot;section-stretched&quot;}\">\n\t\t\t\t\t\t<div class=\"elementor-container elementor-column-gap-default\">\n\t\t\t\t\t<div class=\"elementor-column elementor-col-100 elementor-top-column elementor-element elementor-element-a11e3e5\" data-id=\"a11e3e5\" data-element_type=\"column\" data-e-type=\"column\">\n\t\t\t<div class=\"elementor-widget-wrap\">\n\t\t\t\t\t\t\t<\/div>\n\t\t<\/div>\n\t\t\t\t\t<\/div>\n\t\t<\/section>\n\t\t\t\t<section class=\"elementor-section elementor-top-section elementor-element elementor-element-90c265e elementor-section-stretched elementor-section-boxed elementor-section-height-default elementor-section-height-default\" data-id=\"90c265e\" data-element_type=\"section\" data-e-type=\"section\" data-settings=\"{&quot;stretch_section&quot;:&quot;section-stretched&quot;}\">\n\t\t\t\t\t\t<div class=\"elementor-container elementor-column-gap-default\">\n\t\t\t\t\t<div class=\"elementor-column elementor-col-100 elementor-top-column elementor-element elementor-element-accb59f\" data-id=\"accb59f\" data-element_type=\"column\" data-e-type=\"column\">\n\t\t\t<div class=\"elementor-widget-wrap elementor-element-populated\">\n\t\t\t\t\t\t<div class=\"elementor-element elementor-element-fad5fd8 elementor-widget elementor-widget-text-editor\" data-id=\"fad5fd8\" data-element_type=\"widget\" data-e-type=\"widget\" data-widget_type=\"text-editor.default\">\n\t\t\t\t<div class=\"elementor-widget-container\">\n\t\t\t\t\t\t\t\t\t<p>\u00a0<\/p><p>\u00a0<\/p><p>1. Organizator:<br \/>Stowarzyszenie Szczep Niez\u0142omnych<br \/>35-605 Rzesz\u00f3w, ul. Zimowit 55\/7<\/p><p>2. Miejsce i termin zawod\u00f3w:<br \/>\u015awi\u0105tkowa Wielka &#8211; 19.07.2025 r.<br \/>Dyl\u0105g\u00f3wka &#8211; 07.08.2025 r.<br \/>Dyl\u0105g\u00f3wka &#8211; 21.08.2025 r.<br \/>\u015awi\u0105tkowa Wielka &#8211; 11.11.2025 r.<\/p><p>3. Cel imprezy:<br \/>Cel projektu:<br \/>promocja aktywno\u015bci fizycznej w\u015br\u00f3d dzieci i m\u0142odzie\u017cy wyr\u00f3wnywanie szans dzieci i m\u0142odzie\u017cy w dost\u0119pie do sportu, niezale\u017cnie od statusu materialnego rodzic\u00f3w<br \/>upowszechnianie spotu biegowego prze\u0142ajowego w\u015br\u00f3d dzieci i m\u0142odzie\u017cy poprzez realizacj\u0119 zaplanowanych w ramach projektu zada\u0144<br \/>stworzenie mo\u017cliwo\u015bci udzia\u0142u w rywalizacji sportowej<br \/>promowanie prozdrowotnych, spo\u0142ecznych, wychowawczych i edukacyjnych warto\u015bci sportu poprzez zadania przewidziane do realizacji w ramach projektu<br \/>niwelowanie dysfunkcji spo\u0142ecznych dzieci i m\u0142odzie\u017cy poprzez terapeutyczne funkcje sportu<\/p><p>4. Pragram \/dla wszyskich edycji taki sam\/<br \/>9.30 \u2013 10.30 \u2013 Wydawanie numer\u00f3w startowych.<br \/>11:00 \u2013 Start Biegu<br \/>12.30 \u2013 Dekoracja zwyci\u0119zc\u00f3w biegu<br \/>15.00 \u2013 Zako\u0144czenie Biegu.<\/p><p>5. Zg\u0142oszenia zawodnik\u00f3w.<br \/>Zg\u0142oszenia udzia\u0142u za pomoc\u0105:<br \/>Internetowego Formularza Zg\u0142oszeniowego<br \/>Telefonicznie: 504 244 880<br \/>e-mailem: biuro@szczepniezlomnych.pl<\/p><p>6. Op\u0142aty startowe.<br \/>Start bezp\u0142atyny<\/p><p>7. Informacje dla zawodnik\u00f3w<br \/>Zawody przeznaczone sa dla dzieci i m\u0142odzie\u017cy<br \/>Odebranie numer\u00f3w startowych w Biurze Zawod\u00f3w.<br \/>Organizatorzy zapewniaj\u0105: posi\u0142ek regeneracyjny, medal, koszulki<\/p><p>Uwagi ko\u0144cowe:<br \/>Wype\u0142nienie zg\u0142oszenia i udzia\u0142 w zaj\u0119ciach jest r\u00f3wnoznaczny z pe\u0142n\u0105 akceptacj\u0105 niniejszego regulaminu.<br \/>Wype\u0142nienie zg\u0142oszenia i uczestnictwo w zaj\u0119ciach oznacza wyra\u017cenie zgody na przetwarzanie danych osobowych oraz u\u017cycie wizerunku uczestnika przez organizator\u00f3w Biegu NIEZ\u0141OMNYCH 2025 w celach promocyjnych i informacyjnych.<br \/>Wyra\u017cenie zgody na przetwarzanie danych osobowych zawarte jest w Formularzu Zg\u0142oszeniowym<br \/>Za rzeczy zgubione w trakcie imprezy organizator nie ponosi odpowiedzialno\u015bci.<br \/>Wi\u0105\u017c\u0105ca i ostateczna interpretacja niniejszego regulaminu przys\u0142uguje wy\u0142\u0105cznie organizatorowi zawod\u00f3w.<\/p>\t\t\t\t\t\t\t\t<\/div>\n\t\t\t\t<\/div>\n\t\t\t\t\t<\/div>\n\t\t<\/div>\n\t\t\t\t\t<\/div>\n\t\t<\/section>\n\t\t\t\t<\/div>\n\t\t","protected":false},"excerpt":{"rendered":"<p>\u00a0 \u00a0 1. Organizator:Stowarzyszenie Szczep Niez\u0142omnych35-605 Rzesz\u00f3w, ul. Zimowit 55\/7 2. Miejsce i termin zawod\u00f3w:\u015awi\u0105tkowa Wielka &#8211; 19.07.2025 r.Dyl\u0105g\u00f3wka &#8211; 07.08.2025 r.Dyl\u0105g\u00f3wka &#8211; 21.08.2025 r.\u015awi\u0105tkowa Wielka &#8211; 11.11.2025 r. 3. Cel imprezy:Cel projektu:promocja aktywno\u015bci fizycznej w\u015br\u00f3d dzieci i m\u0142odzie\u017cy wyr\u00f3wnywanie szans dzieci i m\u0142odzie\u017cy w dost\u0119pie do sportu, niezale\u017cnie od statusu materialnego rodzic\u00f3wupowszechnianie spotu biegowego &hellip; <\/p>\n<p class=\"link-more\"><a href=\"https:\/\/szczepniezlomnych.pl\/?page_id=652\" class=\"more-link\">Czytaj dalej<span class=\"screen-reader-text\"> \u201eRegulamin Biegu Niez\u0142omnych 2025\u201d<\/span><\/a><\/p>\n","protected":false},"author":2,"featured_media":0,"parent":0,"menu_order":0,"comment_status":"closed","ping_status":"closed","template":"elementor_header_footer","meta":{"footnotes":""},"class_list":["post-652","page","type-page","status-publish","hentry"],"_links":{"self":[{"href":"https:\/\/szczepniezlomnych.pl\/index.php?rest_route=\/wp\/v2\/pages\/652","targetHints":{"allow":["GET"]}}],"collection":[{"href":"https:\/\/szczepniezlomnych.pl\/index.php?rest_route=\/wp\/v2\/pages"}],"about":[{"href":"https:\/\/szczepniezlomnych.pl\/index.php?rest_route=\/wp\/v2\/types\/page"}],"author":[{"embeddable":true,"href":"https:\/\/szczepniezlomnych.pl\/index.php?rest_route=\/wp\/v2\/users\/2"}],"replies":[{"embeddable":true,"href":"https:\/\/szczepniezlomnych.pl\/index.php?rest_route=%2Fwp%2Fv2%2Fcomments&post=652"}],"version-history":[{"count":17,"href":"https:\/\/szczepniezlomnych.pl\/index.php?rest_route=\/wp\/v2\/pages\/652\/revisions"}],"predecessor-version":[{"id":671,"href":"https:\/\/szczepniezlomnych.pl\/index.php?rest_route=\/wp\/v2\/pages\/652\/revisions\/671"}],"wp:attachment":[{"href":"https:\/\/szczepniezlomnych.pl\/index.php?rest_route=%2Fwp%2Fv2%2Fmedia&parent=652"}],"curies":[{"name":"wp","href":"https:\/\/api.w.org\/{rel}","templated":true}]}}