{"id":7,"date":"2021-04-01T10:27:49","date_gmt":"2021-04-01T08:27:49","guid":{"rendered":"https:\/\/szczepniezlomnych.pl:8081\/?page_id=7"},"modified":"2025-08-27T19:12:03","modified_gmt":"2025-08-27T17:12:03","slug":"kontakt","status":"publish","type":"page","link":"https:\/\/szczepniezlomnych.pl\/?page_id=7","title":{"rendered":"Kontakt"},"content":{"rendered":"\t\t<div data-elementor-type=\"wp-page\" data-elementor-id=\"7\" class=\"elementor elementor-7\">\n\t\t\t\t\t\t<section class=\"elementor-section elementor-top-section elementor-element elementor-element-509a06c8 elementor-section-boxed elementor-section-height-default elementor-section-height-default\" data-id=\"509a06c8\" data-element_type=\"section\" data-e-type=\"section\">\n\t\t\t\t\t\t<div class=\"elementor-container elementor-column-gap-default\">\n\t\t\t\t\t<div class=\"elementor-column elementor-col-100 elementor-top-column elementor-element elementor-element-2df53fea\" data-id=\"2df53fea\" data-element_type=\"column\" data-e-type=\"column\">\n\t\t\t<div class=\"elementor-widget-wrap elementor-element-populated\">\n\t\t\t\t\t\t<div class=\"elementor-element elementor-element-52bffa1e elementor-widget elementor-widget-text-editor\" data-id=\"52bffa1e\" data-element_type=\"widget\" data-e-type=\"widget\" data-widget_type=\"text-editor.default\">\n\t\t\t\t<div class=\"elementor-widget-container\">\n\t\t\t\t\t\t\t\t\t<p><\/p>\n<p>Je\u017celi chcesz do nas do\u0142\u0105czy\u0107 skontaktuj si\u0119<\/p>\n<p>&#8211; telefonicznie: 502 339 008,\u00a0<\/p>\n<p>&#8211; e-mailowo: biuro@szczepniezlomnych.pl<\/p>\n<p>&#8211; przez Facebooka\u00a0<\/p>\n<p>&#8211;\u00a0<span style=\"color: #0000ff;\"><strong><a style=\"color: #0000ff;\" href=\"https:\/\/docs.google.com\/forms\/d\/e\/1FAIpQLSdqlphjs2jcTPP2iK_aXxXPTrnARkHSVQTEg2-91r4FDr_8qg\/viewform\" target=\"_blank\" rel=\"noopener\"> formularz zg\u0142oszeniowy<\/a><\/strong><\/span>.\u00a0<\/p>\n<p>Zapraszamy<\/p>\n<p><\/p>\t\t\t\t\t\t\t\t<\/div>\n\t\t\t\t<\/div>\n\t\t\t\t\t<\/div>\n\t\t<\/div>\n\t\t\t\t\t<\/div>\n\t\t<\/section>\n\t\t\t\t<\/div>\n\t\t","protected":false},"excerpt":{"rendered":"<p>Je\u017celi chcesz do nas do\u0142\u0105czy\u0107 skontaktuj si\u0119 &#8211; telefonicznie: 502 339 008,\u00a0 &#8211; e-mailowo: biuro@szczepniezlomnych.pl &#8211; przez Facebooka\u00a0 &#8211;\u00a0 formularz zg\u0142oszeniowy.\u00a0 Zapraszamy<\/p>\n","protected":false},"author":1,"featured_media":34,"parent":0,"menu_order":0,"comment_status":"closed","ping_status":"closed","template":"","meta":{"footnotes":""},"class_list":["post-7","page","type-page","status-publish","has-post-thumbnail","hentry"],"_links":{"self":[{"href":"https:\/\/szczepniezlomnych.pl\/index.php?rest_route=\/wp\/v2\/pages\/7","targetHints":{"allow":["GET"]}}],"collection":[{"href":"https:\/\/szczepniezlomnych.pl\/index.php?rest_route=\/wp\/v2\/pages"}],"about":[{"href":"https:\/\/szczepniezlomnych.pl\/index.php?rest_route=\/wp\/v2\/types\/page"}],"author":[{"embeddable":true,"href":"https:\/\/szczepniezlomnych.pl\/index.php?rest_route=\/wp\/v2\/users\/1"}],"replies":[{"embeddable":true,"href":"https:\/\/szczepniezlomnych.pl\/index.php?rest_route=%2Fwp%2Fv2%2Fcomments&post=7"}],"version-history":[{"count":12,"href":"https:\/\/szczepniezlomnych.pl\/index.php?rest_route=\/wp\/v2\/pages\/7\/revisions"}],"predecessor-version":[{"id":767,"href":"https:\/\/szczepniezlomnych.pl\/index.php?rest_route=\/wp\/v2\/pages\/7\/revisions\/767"}],"wp:featuredmedia":[{"embeddable":true,"href":"https:\/\/szczepniezlomnych.pl\/index.php?rest_route=\/wp\/v2\/media\/34"}],"wp:attachment":[{"href":"https:\/\/szczepniezlomnych.pl\/index.php?rest_route=%2Fwp%2Fv2%2Fmedia&parent=7"}],"curies":[{"name":"wp","href":"https:\/\/api.w.org\/{rel}","templated":true}]}}